{"id":215,"date":"2020-12-11T16:25:08","date_gmt":"2020-12-11T16:25:08","guid":{"rendered":"https:\/\/beer.calmo.es\/2020\/?page_id=215"},"modified":"2020-12-23T10:32:45","modified_gmt":"2020-12-23T10:32:45","slug":"contacto","status":"publish","type":"page","link":"https:\/\/beer.calmo.es\/2020\/contacto\/","title":{"rendered":"Contacto"},"content":{"rendered":"\t\t<div data-elementor-type=\"wp-page\" data-elementor-id=\"215\" class=\"elementor elementor-215\">\n\t\t\t\t\t\t<section class=\"elementor-section elementor-top-section elementor-element elementor-element-4b2d5de8 elementor-section-stretched elementor-section-height-min-height elementor-section-boxed elementor-section-height-default elementor-section-items-middle\" data-id=\"4b2d5de8\" data-element_type=\"section\" data-e-type=\"section\" data-settings=\"{&quot;stretch_section&quot;:&quot;section-stretched&quot;,&quot;background_background&quot;:&quot;classic&quot;}\">\n\t\t\t\t\t\t<div class=\"elementor-container elementor-column-gap-default\">\n\t\t\t\t\t<div class=\"elementor-column elementor-col-100 elementor-top-column elementor-element elementor-element-75e5f8c9\" data-id=\"75e5f8c9\" data-element_type=\"column\" data-e-type=\"column\">\n\t\t\t<div class=\"elementor-widget-wrap elementor-element-populated\">\n\t\t\t\t\t\t<div class=\"elementor-element elementor-element-25f2d1d elementor-widget__width-initial elementor-widget-mobile__width-initial elementor-widget elementor-widget-tp-image-factory\" data-id=\"25f2d1d\" data-element_type=\"widget\" data-e-type=\"widget\" data-widget_type=\"tp-image-factory.default\">\n\t\t\t\t<div class=\"elementor-widget-container\">\n\t\t\t\t\t<div id=\"plus25f2d1d\" class=\" plus-conti-animation image-tossing \"><div id=\"plus69efd3277301e\" class=\"plus-adv-text-widget plus-widget-wrapper  pt-plus-move-parallax  \" ><div class=\"plus-widget-inner-wrap   \"  ><div class=\"plus-widget-inner-parallax parallax-move\"  data-move_speed_x=\"14\"  data-move_speed_y=\"14\" ><div id=\"plus69efd327742fc\" class=\"pt-plus-animated-image-wrapper     \" data-tp-gsap-creative-image=\"\" ><div class=\"animated-image-parallax  pt-plus-move-parallax \" ><div class=\"pt_plus_animated_image bg-image69efd327742f5 text- animate-general  \"  data-animate-type=\"transition.flipBounceYIn\" data-animate-delay=\"50\" data-animate-offset=\"85%\" > <figure class=\"  parallax-move   \"   data-move_speed_x=\"14\"  data-move_speed_y=\"14\" ><div class=\"vc_single_image-wrapper   \"><img fetchpriority=\"high\" decoding=\"async\" width=\"377\" height=\"282\" src=\"https:\/\/beer.calmo.es\/2020\/wp-content\/uploads\/2020\/12\/calmo-beer-sticker-lets-have-a-beer.png\" class=\"attachment-full size-full wp-image-263\" alt=\"\" srcset=\"https:\/\/beer.calmo.es\/2020\/wp-content\/uploads\/2020\/12\/calmo-beer-sticker-lets-have-a-beer.png 377w, https:\/\/beer.calmo.es\/2020\/wp-content\/uploads\/2020\/12\/calmo-beer-sticker-lets-have-a-beer-300x224.png 300w\" sizes=\"(max-width: 377px) 100vw, 377px\" \/><\/div> <\/figure> <\/div><\/div><\/div><\/div><\/div><\/div><\/div>\t\t\t\t<\/div>\n\t\t\t\t<\/div>\n\t\t\t\t<div class=\"elementor-element elementor-element-e1357e9 elementor-widget__width-initial elementor-hidden-phone elementor-widget elementor-widget-tp-image-factory\" data-id=\"e1357e9\" data-element_type=\"widget\" data-e-type=\"widget\" data-widget_type=\"tp-image-factory.default\">\n\t\t\t\t<div class=\"elementor-widget-container\">\n\t\t\t\t\t<div id=\"pluse1357e9\" class=\" plus-conti-animation image-tossing \"><div id=\"plus69efd32776ab0\" class=\"plus-adv-text-widget plus-widget-wrapper  pt-plus-move-parallax  \" ><div class=\"plus-widget-inner-wrap   \"  ><div class=\"plus-widget-inner-parallax parallax-move\"  data-move_speed_x=\"14\"  data-move_speed_y=\"14\" ><div id=\"plus69efd327780fc\" class=\"pt-plus-animated-image-wrapper     \" data-tp-gsap-creative-image=\"\" ><div class=\"animated-image-parallax  pt-plus-move-parallax \" ><div class=\"pt_plus_animated_image bg-image69efd327780f4 text- animate-general  \"  data-animate-type=\"transition.flipBounceYIn\" data-animate-delay=\"50\" data-animate-offset=\"85%\" > <figure class=\"  parallax-move   \"   data-move_speed_x=\"14\"  data-move_speed_y=\"14\" ><div class=\"vc_single_image-wrapper   \"><img decoding=\"async\" width=\"479\" height=\"595\" src=\"https:\/\/beer.calmo.es\/2020\/wp-content\/uploads\/2020\/12\/calmo-beer-sticker-love-beer-sin-sombra.png\" class=\"attachment-full size-full wp-image-751\" alt=\"Sticker cerveza\" srcset=\"https:\/\/beer.calmo.es\/2020\/wp-content\/uploads\/2020\/12\/calmo-beer-sticker-love-beer-sin-sombra.png 479w, https:\/\/beer.calmo.es\/2020\/wp-content\/uploads\/2020\/12\/calmo-beer-sticker-love-beer-sin-sombra-242x300.png 242w\" sizes=\"(max-width: 479px) 100vw, 479px\" \/><\/div> <\/figure> <\/div><\/div><\/div><\/div><\/div><\/div><\/div>\t\t\t\t<\/div>\n\t\t\t\t<\/div>\n\t\t\t\t<div class=\"elementor-element elementor-element-9c5a2a2 elementor-widget__width-initial elementor-widget-mobile__width-initial elementor-widget elementor-widget-tp-image-factory\" data-id=\"9c5a2a2\" data-element_type=\"widget\" data-e-type=\"widget\" data-widget_type=\"tp-image-factory.default\">\n\t\t\t\t<div class=\"elementor-widget-container\">\n\t\t\t\t\t<div id=\"plus9c5a2a2\" class=\" plus-conti-animation image-tossing \"><div id=\"plus69efd32778aad\" class=\"plus-adv-text-widget plus-widget-wrapper  pt-plus-move-parallax  \" ><div class=\"plus-widget-inner-wrap   \"  ><div class=\"plus-widget-inner-parallax parallax-move\"  data-move_speed_x=\"14\"  data-move_speed_y=\"14\" ><div id=\"plus69efd32779856\" class=\"pt-plus-animated-image-wrapper     \" data-tp-gsap-creative-image=\"\" ><div class=\"animated-image-parallax  pt-plus-move-parallax \" ><div class=\"pt_plus_animated_image bg-image69efd3277984c text- animate-general  \"  data-animate-type=\"transition.flipBounceYIn\" data-animate-delay=\"50\" data-animate-offset=\"85%\" > <figure class=\"  parallax-move   \"   data-move_speed_x=\"14\"  data-move_speed_y=\"14\" ><div class=\"vc_single_image-wrapper   \"><img decoding=\"async\" width=\"892\" height=\"1216\" src=\"https:\/\/beer.calmo.es\/2020\/wp-content\/uploads\/2020\/12\/calmo-beer-stickers-diseno-etiquetas.png\" class=\"attachment-full size-full wp-image-753\" alt=\"Sticker baloncesto\" srcset=\"https:\/\/beer.calmo.es\/2020\/wp-content\/uploads\/2020\/12\/calmo-beer-stickers-diseno-etiquetas.png 892w, https:\/\/beer.calmo.es\/2020\/wp-content\/uploads\/2020\/12\/calmo-beer-stickers-diseno-etiquetas-220x300.png 220w, https:\/\/beer.calmo.es\/2020\/wp-content\/uploads\/2020\/12\/calmo-beer-stickers-diseno-etiquetas-751x1024.png 751w, https:\/\/beer.calmo.es\/2020\/wp-content\/uploads\/2020\/12\/calmo-beer-stickers-diseno-etiquetas-768x1047.png 768w\" sizes=\"(max-width: 892px) 100vw, 892px\" \/><\/div> <\/figure> <\/div><\/div><\/div><\/div><\/div><\/div><\/div>\t\t\t\t<\/div>\n\t\t\t\t<\/div>\n\t\t\t\t\t<\/div>\n\t\t<\/div>\n\t\t\t\t\t<\/div>\n\t\t<\/section>\n\t\t\t\t<section class=\"elementor-section elementor-top-section elementor-element elementor-element-4294ed6 elementor-section-stretched elementor-section-boxed elementor-section-height-default elementor-section-height-default\" data-id=\"4294ed6\" data-element_type=\"section\" data-e-type=\"section\" data-settings=\"{&quot;stretch_section&quot;:&quot;section-stretched&quot;,&quot;background_background&quot;:&quot;classic&quot;}\">\n\t\t\t\t\t\t<div class=\"elementor-container elementor-column-gap-default\">\n\t\t\t\t\t<div class=\"elementor-column elementor-col-50 elementor-top-column elementor-element elementor-element-fedddcc\" data-id=\"fedddcc\" data-element_type=\"column\" data-e-type=\"column\">\n\t\t\t<div class=\"elementor-widget-wrap elementor-element-populated\">\n\t\t\t\t\t\t<div class=\"elementor-element elementor-element-795e6d0 elementor-widget elementor-widget-tp-contact-form-7\" data-id=\"795e6d0\" data-element_type=\"widget\" data-e-type=\"widget\" data-widget_type=\"tp-contact-form-7.default\">\n\t\t\t\t<div class=\"elementor-widget-container\">\n\t\t\t\t\t<div class=\"theplus-contact-form plus-cf7-custom  text-    after \" >\n<div class=\"wpcf7 no-js\" id=\"wpcf7-f5-p215-o1\" lang=\"es-ES\" dir=\"ltr\" data-wpcf7-id=\"5\">\n<div class=\"screen-reader-response\"><p role=\"status\" aria-live=\"polite\" aria-atomic=\"true\"><\/p> <ul><\/ul><\/div>\n<form action=\"\/2020\/contacto\/#wpcf7-f5-p215-o1\" method=\"post\" class=\"wpcf7-form init\" aria-label=\"Formulario de contacto\" novalidate=\"novalidate\" data-status=\"init\">\n<fieldset class=\"hidden-fields-container\"><input type=\"hidden\" name=\"_wpcf7\" value=\"5\" \/><input type=\"hidden\" name=\"_wpcf7_version\" value=\"6.1.5\" \/><input type=\"hidden\" name=\"_wpcf7_locale\" value=\"es_ES\" \/><input type=\"hidden\" name=\"_wpcf7_unit_tag\" value=\"wpcf7-f5-p215-o1\" \/><input type=\"hidden\" name=\"_wpcf7_container_post\" value=\"215\" \/><input type=\"hidden\" name=\"_wpcf7_posted_data_hash\" value=\"\" \/><input type=\"hidden\" name=\"_wpcf7_recaptcha_response\" value=\"\" \/>\n<\/fieldset>\n<p><span class=\"wpcf7-form-control-wrap\" data-name=\"nombre\"><input size=\"40\" maxlength=\"400\" class=\"wpcf7-form-control wpcf7-text wpcf7-validates-as-required\" aria-required=\"true\" aria-invalid=\"false\" placeholder=\"Nombre\" value=\"\" type=\"text\" name=\"nombre\" \/><\/span><br \/>\n<span class=\"wpcf7-form-control-wrap\" data-name=\"email\"><input size=\"40\" maxlength=\"400\" class=\"wpcf7-form-control wpcf7-email wpcf7-validates-as-required wpcf7-text wpcf7-validates-as-email\" aria-required=\"true\" aria-invalid=\"false\" placeholder=\"Email\" value=\"\" type=\"email\" name=\"email\" \/><\/span><br \/>\n<span class=\"wpcf7-form-control-wrap\" data-name=\"opcion\"><span class=\"wpcf7-form-control wpcf7-radio\"><span class=\"wpcf7-list-item first\"><input type=\"radio\" name=\"opcion\" value=\"Me encantar\u00eda que nos tomemos una cerveza juntos\" checked=\"checked\" \/><span class=\"wpcf7-list-item-label\">Me encantar\u00eda que nos tomemos una cerveza juntos<\/span><\/span><span class=\"wpcf7-list-item\"><input type=\"radio\" name=\"opcion\" value=\"Solo quer\u00eda deciros que me ha encantado el proyecto\" \/><span class=\"wpcf7-list-item-label\">Solo quer\u00eda deciros que me ha encantado el proyecto<\/span><\/span><span class=\"wpcf7-list-item\"><input type=\"radio\" name=\"opcion\" value=\"Estoy tom\u00e1ndome la cerveza ahora mismo y est\u00e1 incre\u00edble\" \/><span class=\"wpcf7-list-item-label\">Estoy tom\u00e1ndome la cerveza ahora mismo y est\u00e1 incre\u00edble<\/span><\/span><span class=\"wpcf7-list-item last\"><input type=\"radio\" name=\"opcion\" value=\"Hola chicos, aqu\u00ed va mi mensaje:\" \/><span class=\"wpcf7-list-item-label\">Hola chicos, aqu\u00ed va mi mensaje:<\/span><\/span><\/span><\/span><br \/>\n<span class=\"wpcf7-form-control-wrap\" data-name=\"mensaje\"><textarea cols=\"40\" rows=\"3\" maxlength=\"2000\" class=\"wpcf7-form-control wpcf7-textarea\" aria-invalid=\"false\" name=\"mensaje\"><\/textarea><\/span>\n<\/p>\n<div class=\"elementor-text-editor\" style=\"margin-top:35px;font-size:14px;line-height:20px;\">\n\t<p>Este sitio est\u00e1 protegido por reCAPTCHA y se aplican la <a href=\"https:\/\/policies.google.com\/privacy\">pol\u00edtica de privacidad<\/a> y <a href=\"https:\/\/policies.google.com\/terms\">t\u00e9rminos del servicio<\/a> de Google. Si continuas enviando este formulario aceptas nuestra <a href=\"https:\/\/calmo.es\/politica-de-privacidad\" target=\"_blank\">Pol\u00edtica de Privacidad<\/a> y la de los servicios de Google.\n\t<\/p>\n<\/div>\n<p><input class=\"wpcf7-form-control wpcf7-submit has-spinner\" type=\"submit\" value=\"Enviar\" \/>\n<\/p><div class=\"wpcf7-response-output\" aria-hidden=\"true\"><\/div>\n<\/form>\n<\/div>\n<\/div>\t\t\t\t<\/div>\n\t\t\t\t<\/div>\n\t\t\t\t<div class=\"elementor-element elementor-element-15441f9 elementor-widget elementor-widget-html\" data-id=\"15441f9\" data-element_type=\"widget\" data-e-type=\"widget\" data-widget_type=\"html.default\">\n\t\t\t\t<div class=\"elementor-widget-container\">\n\t\t\t\t\t<style type=\"text\/css\">\n.theplus-contact-form span.wpcf7-list-item {\n    margin: 0;\n}\nlabel.input__radio_btn {\n    margin-left:40px;\n    margin-bottom:20px !important;\n    line-height: 1.2em;\n    width:95% !important;\n}\n.fa.fa-check.toggle-button__icon {\n    position: absolute !important;\n    top: 3px;\n    left: -40px;\n}\n@media all and (max-width:425px) {\n    label.input__radio_btn {\n    width: 85% !important;\n}\n}\n<\/style>\t\t\t\t<\/div>\n\t\t\t\t<\/div>\n\t\t\t\t\t<\/div>\n\t\t<\/div>\n\t\t\t\t<div class=\"elementor-column elementor-col-50 elementor-top-column elementor-element elementor-element-b9e56a0\" data-id=\"b9e56a0\" data-element_type=\"column\" data-e-type=\"column\">\n\t\t\t<div class=\"elementor-widget-wrap\">\n\t\t\t\t\t\t\t<\/div>\n\t\t<\/div>\n\t\t\t\t\t<\/div>\n\t\t<\/section>\n\t\t\t\t<\/div>\n\t\t","protected":false},"excerpt":{"rendered":"<p>Me encantar\u00eda que nos tomemos una cerveza juntosSolo quer\u00eda deciros que me ha encantado el proyectoEstoy tom\u00e1ndome la cerveza ahora mismo y est\u00e1 incre\u00edbleHola chicos, aqu\u00ed va mi mensaje: Este sitio est\u00e1 protegido por reCAPTCHA y se aplican la pol\u00edtica de privacidad y t\u00e9rminos del servicio de Google. Si continuas enviando este formulario aceptas nuestra [&hellip;]<\/p>\n","protected":false},"author":1,"featured_media":0,"parent":0,"menu_order":4,"comment_status":"closed","ping_status":"closed","template":"","meta":{"inline_featured_image":false,"site-sidebar-layout":"no-sidebar","site-content-layout":"plain-container","ast-site-content-layout":"default","site-content-style":"default","site-sidebar-style":"default","ast-global-header-display":"","ast-banner-title-visibility":"","ast-main-header-display":"","ast-hfb-above-header-display":"","ast-hfb-below-header-display":"","ast-hfb-mobile-header-display":"","site-post-title":"disabled","ast-breadcrumbs-content":"disabled","ast-featured-img":"","footer-sml-layout":"","ast-disable-related-posts":"","theme-transparent-header-meta":"enabled","adv-header-id-meta":"35","stick-header-meta":"default","header-above-stick-meta":"","header-main-stick-meta":"on","header-below-stick-meta":"","astra-migrate-meta-layouts":"default","ast-page-background-enabled":"default","ast-page-background-meta":{"desktop":{"background-color":"","background-image":"","background-repeat":"repeat","background-position":"center center","background-size":"auto","background-attachment":"scroll","background-type":"","background-media":"","overlay-type":"","overlay-color":"","overlay-opacity":"","overlay-gradient":""},"tablet":{"background-color":"","background-image":"","background-repeat":"repeat","background-position":"center center","background-size":"auto","background-attachment":"scroll","background-type":"","background-media":"","overlay-type":"","overlay-color":"","overlay-opacity":"","overlay-gradient":""},"mobile":{"background-color":"","background-image":"","background-repeat":"repeat","background-position":"center center","background-size":"auto","background-attachment":"scroll","background-type":"","background-media":"","overlay-type":"","overlay-color":"","overlay-opacity":"","overlay-gradient":""}},"ast-content-background-meta":{"desktop":{"background-color":"var(--ast-global-color-5)","background-image":"","background-repeat":"repeat","background-position":"center center","background-size":"auto","background-attachment":"scroll","background-type":"","background-media":"","overlay-type":"","overlay-color":"","overlay-opacity":"","overlay-gradient":""},"tablet":{"background-color":"var(--ast-global-color-5)","background-image":"","background-repeat":"repeat","background-position":"center center","background-size":"auto","background-attachment":"scroll","background-type":"","background-media":"","overlay-type":"","overlay-color":"","overlay-opacity":"","overlay-gradient":""},"mobile":{"background-color":"var(--ast-global-color-5)","background-image":"","background-repeat":"repeat","background-position":"center center","background-size":"auto","background-attachment":"scroll","background-type":"","background-media":"","overlay-type":"","overlay-color":"","overlay-opacity":"","overlay-gradient":""}},"footnotes":""},"class_list":["post-215","page","type-page","status-publish","hentry"],"yoast_head":"<!-- This site is optimized with the Yoast SEO plugin v27.4 - https:\/\/yoast.com\/product\/yoast-seo-wordpress\/ -->\n<title>Contacto - One Beer One Year 2020<\/title>\n<meta name=\"robots\" content=\"index, follow, max-snippet:-1, max-image-preview:large, max-video-preview:-1\" \/>\n<link rel=\"canonical\" href=\"https:\/\/beer.calmo.es\/2020\/contacto\/\" \/>\n<meta property=\"og:locale\" content=\"es_ES\" \/>\n<meta property=\"og:type\" content=\"article\" \/>\n<meta property=\"og:title\" content=\"Contacto - One Beer One Year 2020\" \/>\n<meta property=\"og:description\" content=\"Me encantar\u00eda que nos tomemos una cerveza juntosSolo quer\u00eda deciros que me ha encantado el proyectoEstoy tom\u00e1ndome la cerveza ahora mismo y est\u00e1 incre\u00edbleHola chicos, aqu\u00ed va mi mensaje: Este sitio est\u00e1 protegido por reCAPTCHA y se aplican la pol\u00edtica de privacidad y t\u00e9rminos del servicio de Google. Si continuas enviando este formulario aceptas nuestra [&hellip;]\" \/>\n<meta property=\"og:url\" content=\"https:\/\/beer.calmo.es\/2020\/contacto\/\" \/>\n<meta property=\"og:site_name\" content=\"One Beer One Year 2020\" \/>\n<meta property=\"article:modified_time\" content=\"2020-12-23T10:32:45+00:00\" \/>\n<meta property=\"og:image\" content=\"https:\/\/beer.calmo.es\/2020\/wp-content\/uploads\/2020\/12\/calmo-beer-sticker-lets-have-a-beer.png\" \/>\n<meta name=\"twitter:card\" content=\"summary_large_image\" \/>\n<script type=\"application\/ld+json\" class=\"yoast-schema-graph\">{\"@context\":\"https:\\\/\\\/schema.org\",\"@graph\":[{\"@type\":\"WebPage\",\"@id\":\"https:\\\/\\\/beer.calmo.es\\\/2020\\\/contacto\\\/\",\"url\":\"https:\\\/\\\/beer.calmo.es\\\/2020\\\/contacto\\\/\",\"name\":\"Contacto - One Beer One Year 2020\",\"isPartOf\":{\"@id\":\"https:\\\/\\\/beer.calmo.es\\\/2020\\\/#website\"},\"primaryImageOfPage\":{\"@id\":\"https:\\\/\\\/beer.calmo.es\\\/2020\\\/contacto\\\/#primaryimage\"},\"image\":{\"@id\":\"https:\\\/\\\/beer.calmo.es\\\/2020\\\/contacto\\\/#primaryimage\"},\"thumbnailUrl\":\"https:\\\/\\\/beer.calmo.es\\\/2020\\\/wp-content\\\/uploads\\\/2020\\\/12\\\/calmo-beer-sticker-lets-have-a-beer.png\",\"datePublished\":\"2020-12-11T16:25:08+00:00\",\"dateModified\":\"2020-12-23T10:32:45+00:00\",\"breadcrumb\":{\"@id\":\"https:\\\/\\\/beer.calmo.es\\\/2020\\\/contacto\\\/#breadcrumb\"},\"inLanguage\":\"es\",\"potentialAction\":[{\"@type\":\"ReadAction\",\"target\":[\"https:\\\/\\\/beer.calmo.es\\\/2020\\\/contacto\\\/\"]}]},{\"@type\":\"ImageObject\",\"inLanguage\":\"es\",\"@id\":\"https:\\\/\\\/beer.calmo.es\\\/2020\\\/contacto\\\/#primaryimage\",\"url\":\"https:\\\/\\\/beer.calmo.es\\\/2020\\\/wp-content\\\/uploads\\\/2020\\\/12\\\/calmo-beer-sticker-lets-have-a-beer.png\",\"contentUrl\":\"https:\\\/\\\/beer.calmo.es\\\/2020\\\/wp-content\\\/uploads\\\/2020\\\/12\\\/calmo-beer-sticker-lets-have-a-beer.png\",\"width\":377,\"height\":282},{\"@type\":\"BreadcrumbList\",\"@id\":\"https:\\\/\\\/beer.calmo.es\\\/2020\\\/contacto\\\/#breadcrumb\",\"itemListElement\":[{\"@type\":\"ListItem\",\"position\":1,\"name\":\"Portada\",\"item\":\"https:\\\/\\\/beer.calmo.es\\\/2020\\\/\"},{\"@type\":\"ListItem\",\"position\":2,\"name\":\"Contacto\"}]},{\"@type\":\"WebSite\",\"@id\":\"https:\\\/\\\/beer.calmo.es\\\/2020\\\/#website\",\"url\":\"https:\\\/\\\/beer.calmo.es\\\/2020\\\/\",\"name\":\"One Beer One Year 2020\",\"description\":\"Calmo Beer\",\"publisher\":{\"@id\":\"https:\\\/\\\/beer.calmo.es\\\/2020\\\/#organization\"},\"potentialAction\":[{\"@type\":\"SearchAction\",\"target\":{\"@type\":\"EntryPoint\",\"urlTemplate\":\"https:\\\/\\\/beer.calmo.es\\\/2020\\\/?s={search_term_string}\"},\"query-input\":{\"@type\":\"PropertyValueSpecification\",\"valueRequired\":true,\"valueName\":\"search_term_string\"}}],\"inLanguage\":\"es\"},{\"@type\":\"Organization\",\"@id\":\"https:\\\/\\\/beer.calmo.es\\\/2020\\\/#organization\",\"name\":\"One Beer One Year 2020\",\"url\":\"https:\\\/\\\/beer.calmo.es\\\/2020\\\/\",\"logo\":{\"@type\":\"ImageObject\",\"inLanguage\":\"es\",\"@id\":\"https:\\\/\\\/beer.calmo.es\\\/2020\\\/#\\\/schema\\\/logo\\\/image\\\/\",\"url\":\"https:\\\/\\\/beer.calmo.es\\\/2020\\\/wp-content\\\/uploads\\\/2020\\\/12\\\/one-beer-one-year-logo.svg\",\"contentUrl\":\"https:\\\/\\\/beer.calmo.es\\\/2020\\\/wp-content\\\/uploads\\\/2020\\\/12\\\/one-beer-one-year-logo.svg\",\"caption\":\"One Beer One Year 2020\"},\"image\":{\"@id\":\"https:\\\/\\\/beer.calmo.es\\\/2020\\\/#\\\/schema\\\/logo\\\/image\\\/\"}}]}<\/script>\n<!-- \/ Yoast SEO plugin. -->","yoast_head_json":{"title":"Contacto - One Beer One Year 2020","robots":{"index":"index","follow":"follow","max-snippet":"max-snippet:-1","max-image-preview":"max-image-preview:large","max-video-preview":"max-video-preview:-1"},"canonical":"https:\/\/beer.calmo.es\/2020\/contacto\/","og_locale":"es_ES","og_type":"article","og_title":"Contacto - One Beer One Year 2020","og_description":"Me encantar\u00eda que nos tomemos una cerveza juntosSolo quer\u00eda deciros que me ha encantado el proyectoEstoy tom\u00e1ndome la cerveza ahora mismo y est\u00e1 incre\u00edbleHola chicos, aqu\u00ed va mi mensaje: Este sitio est\u00e1 protegido por reCAPTCHA y se aplican la pol\u00edtica de privacidad y t\u00e9rminos del servicio de Google. Si continuas enviando este formulario aceptas nuestra [&hellip;]","og_url":"https:\/\/beer.calmo.es\/2020\/contacto\/","og_site_name":"One Beer One Year 2020","article_modified_time":"2020-12-23T10:32:45+00:00","og_image":[{"url":"https:\/\/beer.calmo.es\/2020\/wp-content\/uploads\/2020\/12\/calmo-beer-sticker-lets-have-a-beer.png","type":"","width":"","height":""}],"twitter_card":"summary_large_image","schema":{"@context":"https:\/\/schema.org","@graph":[{"@type":"WebPage","@id":"https:\/\/beer.calmo.es\/2020\/contacto\/","url":"https:\/\/beer.calmo.es\/2020\/contacto\/","name":"Contacto - One Beer One Year 2020","isPartOf":{"@id":"https:\/\/beer.calmo.es\/2020\/#website"},"primaryImageOfPage":{"@id":"https:\/\/beer.calmo.es\/2020\/contacto\/#primaryimage"},"image":{"@id":"https:\/\/beer.calmo.es\/2020\/contacto\/#primaryimage"},"thumbnailUrl":"https:\/\/beer.calmo.es\/2020\/wp-content\/uploads\/2020\/12\/calmo-beer-sticker-lets-have-a-beer.png","datePublished":"2020-12-11T16:25:08+00:00","dateModified":"2020-12-23T10:32:45+00:00","breadcrumb":{"@id":"https:\/\/beer.calmo.es\/2020\/contacto\/#breadcrumb"},"inLanguage":"es","potentialAction":[{"@type":"ReadAction","target":["https:\/\/beer.calmo.es\/2020\/contacto\/"]}]},{"@type":"ImageObject","inLanguage":"es","@id":"https:\/\/beer.calmo.es\/2020\/contacto\/#primaryimage","url":"https:\/\/beer.calmo.es\/2020\/wp-content\/uploads\/2020\/12\/calmo-beer-sticker-lets-have-a-beer.png","contentUrl":"https:\/\/beer.calmo.es\/2020\/wp-content\/uploads\/2020\/12\/calmo-beer-sticker-lets-have-a-beer.png","width":377,"height":282},{"@type":"BreadcrumbList","@id":"https:\/\/beer.calmo.es\/2020\/contacto\/#breadcrumb","itemListElement":[{"@type":"ListItem","position":1,"name":"Portada","item":"https:\/\/beer.calmo.es\/2020\/"},{"@type":"ListItem","position":2,"name":"Contacto"}]},{"@type":"WebSite","@id":"https:\/\/beer.calmo.es\/2020\/#website","url":"https:\/\/beer.calmo.es\/2020\/","name":"One Beer One Year 2020","description":"Calmo Beer","publisher":{"@id":"https:\/\/beer.calmo.es\/2020\/#organization"},"potentialAction":[{"@type":"SearchAction","target":{"@type":"EntryPoint","urlTemplate":"https:\/\/beer.calmo.es\/2020\/?s={search_term_string}"},"query-input":{"@type":"PropertyValueSpecification","valueRequired":true,"valueName":"search_term_string"}}],"inLanguage":"es"},{"@type":"Organization","@id":"https:\/\/beer.calmo.es\/2020\/#organization","name":"One Beer One Year 2020","url":"https:\/\/beer.calmo.es\/2020\/","logo":{"@type":"ImageObject","inLanguage":"es","@id":"https:\/\/beer.calmo.es\/2020\/#\/schema\/logo\/image\/","url":"https:\/\/beer.calmo.es\/2020\/wp-content\/uploads\/2020\/12\/one-beer-one-year-logo.svg","contentUrl":"https:\/\/beer.calmo.es\/2020\/wp-content\/uploads\/2020\/12\/one-beer-one-year-logo.svg","caption":"One Beer One Year 2020"},"image":{"@id":"https:\/\/beer.calmo.es\/2020\/#\/schema\/logo\/image\/"}}]}},"_links":{"self":[{"href":"https:\/\/beer.calmo.es\/2020\/wp-json\/wp\/v2\/pages\/215","targetHints":{"allow":["GET"]}}],"collection":[{"href":"https:\/\/beer.calmo.es\/2020\/wp-json\/wp\/v2\/pages"}],"about":[{"href":"https:\/\/beer.calmo.es\/2020\/wp-json\/wp\/v2\/types\/page"}],"author":[{"embeddable":true,"href":"https:\/\/beer.calmo.es\/2020\/wp-json\/wp\/v2\/users\/1"}],"replies":[{"embeddable":true,"href":"https:\/\/beer.calmo.es\/2020\/wp-json\/wp\/v2\/comments?post=215"}],"version-history":[{"count":82,"href":"https:\/\/beer.calmo.es\/2020\/wp-json\/wp\/v2\/pages\/215\/revisions"}],"predecessor-version":[{"id":823,"href":"https:\/\/beer.calmo.es\/2020\/wp-json\/wp\/v2\/pages\/215\/revisions\/823"}],"wp:attachment":[{"href":"https:\/\/beer.calmo.es\/2020\/wp-json\/wp\/v2\/media?parent=215"}],"curies":[{"name":"wp","href":"https:\/\/api.w.org\/{rel}","templated":true}]}}